{"id":26823,"date":"2024-10-02T13:10:38","date_gmt":"2024-10-02T13:10:38","guid":{"rendered":"https:\/\/test11.f5test.in.ua\/programs\/team-up-camps\/"},"modified":"2024-10-19T16:30:23","modified_gmt":"2024-10-19T16:30:23","slug":"camps-faire-equipe","status":"publish","type":"page","link":"https:\/\/concussionandcte.org\/fr-ca\/programmes\/camps-faire-equipe\/","title":{"rendered":"Les camps Faire \u00e9quipe"},"content":{"rendered":"","protected":false},"excerpt":{"rendered":"","protected":false},"author":6,"featured_media":0,"parent":23227,"menu_order":0,"comment_status":"closed","ping_status":"closed","template":"tpl_flex-content.php","meta":{"inline_featured_image":false,"footnotes":""},"class_list":["post-26823","page","type-page","status-publish","hentry"],"acf":[],"yoast_head":"<!-- This site is optimized with the Yoast SEO plugin v27.4 - https:\/\/yoast.com\/product\/yoast-seo-wordpress\/ -->\n<title>Les camps Faire \u00e9quipe - Fondation H\u00e9ritage pour les Commotions C\u00e9r\u00e9brales Canada<\/title>\n<meta name=\"description\" content=\"Les camps Faire \u00e9quipe mettent en relation des athl\u00e8tes professionnels et\/ou universitaires avec des jeunes athl\u00e8tes pour une journ\u00e9e de d\u00e9veloppement des comp\u00e9tences sur le terrain, la glace ou le court, ainsi que de sensibilisation aux commotions c\u00e9r\u00e9brales en dehors du terrain.\" \/>\n<meta name=\"robots\" content=\"index, follow, max-snippet:-1, max-image-preview:large, max-video-preview:-1\" \/>\n<link rel=\"canonical\" href=\"https:\/\/concussionandcte.org\/fr-ca\/programmes\/camps-faire-equipe\/\" \/>\n<meta property=\"og:locale\" content=\"fr_CA\" \/>\n<meta property=\"og:type\" content=\"article\" \/>\n<meta property=\"og:title\" content=\"Les camps Faire \u00e9quipe - Fondation H\u00e9ritage pour les Commotions C\u00e9r\u00e9brales Canada\" \/>\n<meta property=\"og:description\" content=\"Les camps Faire \u00e9quipe mettent en relation des athl\u00e8tes professionnels et\/ou universitaires avec des jeunes athl\u00e8tes pour une journ\u00e9e de d\u00e9veloppement des comp\u00e9tences sur le terrain, la glace ou le court, ainsi que de sensibilisation aux commotions c\u00e9r\u00e9brales en dehors du terrain.\" \/>\n<meta property=\"og:url\" content=\"https:\/\/concussionandcte.org\/fr-ca\/programmes\/camps-faire-equipe\/\" \/>\n<meta property=\"og:site_name\" content=\"Concussion &amp; CTE Foundation\" \/>\n<meta property=\"article:modified_time\" content=\"2024-10-19T16:30:23+00:00\" \/>\n<meta name=\"twitter:card\" content=\"summary_large_image\" \/>\n<script type=\"application\/ld+json\" class=\"yoast-schema-graph\">{\"@context\":\"https:\\\/\\\/schema.org\",\"@graph\":[{\"@type\":\"WebPage\",\"@id\":\"https:\\\/\\\/concussionandcte.org\\\/fr-ca\\\/programmes\\\/camps-faire-equipe\\\/\",\"url\":\"https:\\\/\\\/concussionandcte.org\\\/fr-ca\\\/programmes\\\/camps-faire-equipe\\\/\",\"name\":\"Les camps Faire \u00e9quipe - Fondation H\u00e9ritage pour les Commotions C\u00e9r\u00e9brales Canada\",\"isPartOf\":{\"@id\":\"https:\\\/\\\/concussionandcte.org\\\/fr-ca\\\/#website\"},\"datePublished\":\"2024-10-02T13:10:38+00:00\",\"dateModified\":\"2024-10-19T16:30:23+00:00\",\"description\":\"Les camps Faire \u00e9quipe mettent en relation des athl\u00e8tes professionnels et\\\/ou universitaires avec des jeunes athl\u00e8tes pour une journ\u00e9e de d\u00e9veloppement des comp\u00e9tences sur le terrain, la glace ou le court, ainsi que de sensibilisation aux commotions c\u00e9r\u00e9brales en dehors du terrain.\",\"breadcrumb\":{\"@id\":\"https:\\\/\\\/concussionandcte.org\\\/fr-ca\\\/programmes\\\/camps-faire-equipe\\\/#breadcrumb\"},\"inLanguage\":\"fr-CA\",\"potentialAction\":[{\"@type\":\"ReadAction\",\"target\":[\"https:\\\/\\\/concussionandcte.org\\\/fr-ca\\\/programmes\\\/camps-faire-equipe\\\/\"]}]},{\"@type\":\"BreadcrumbList\",\"@id\":\"https:\\\/\\\/concussionandcte.org\\\/fr-ca\\\/programmes\\\/camps-faire-equipe\\\/#breadcrumb\",\"itemListElement\":[{\"@type\":\"ListItem\",\"position\":1,\"name\":\"Home\",\"item\":\"https:\\\/\\\/concussionandcte.org\\\/fr-ca\\\/\"},{\"@type\":\"ListItem\",\"position\":2,\"name\":\"Programmes\",\"item\":\"https:\\\/\\\/concussionandcte.org\\\/fr-ca\\\/programmes\\\/\"},{\"@type\":\"ListItem\",\"position\":3,\"name\":\"Les camps Faire \u00e9quipe\"}]},{\"@type\":\"WebSite\",\"@id\":\"https:\\\/\\\/concussionandcte.org\\\/fr-ca\\\/#website\",\"url\":\"https:\\\/\\\/concussionandcte.org\\\/fr-ca\\\/\",\"name\":\"Concussion &amp; CTE Foundation\",\"description\":\"\",\"potentialAction\":[{\"@type\":\"SearchAction\",\"target\":{\"@type\":\"EntryPoint\",\"urlTemplate\":\"https:\\\/\\\/concussionandcte.org\\\/fr-ca\\\/?s={search_term_string}\"},\"query-input\":{\"@type\":\"PropertyValueSpecification\",\"valueRequired\":true,\"valueName\":\"search_term_string\"}}],\"inLanguage\":\"fr-CA\"}]}<\/script>\n<!-- \/ Yoast SEO plugin. -->","yoast_head_json":{"title":"Les camps Faire \u00e9quipe - Fondation H\u00e9ritage pour les Commotions C\u00e9r\u00e9brales Canada","description":"Les camps Faire \u00e9quipe mettent en relation des athl\u00e8tes professionnels et\/ou universitaires avec des jeunes athl\u00e8tes pour une journ\u00e9e de d\u00e9veloppement des comp\u00e9tences sur le terrain, la glace ou le court, ainsi que de sensibilisation aux commotions c\u00e9r\u00e9brales en dehors du terrain.","robots":{"index":"index","follow":"follow","max-snippet":"max-snippet:-1","max-image-preview":"max-image-preview:large","max-video-preview":"max-video-preview:-1"},"canonical":"https:\/\/concussionandcte.org\/fr-ca\/programmes\/camps-faire-equipe\/","og_locale":"fr_CA","og_type":"article","og_title":"Les camps Faire \u00e9quipe - Fondation H\u00e9ritage pour les Commotions C\u00e9r\u00e9brales Canada","og_description":"Les camps Faire \u00e9quipe mettent en relation des athl\u00e8tes professionnels et\/ou universitaires avec des jeunes athl\u00e8tes pour une journ\u00e9e de d\u00e9veloppement des comp\u00e9tences sur le terrain, la glace ou le court, ainsi que de sensibilisation aux commotions c\u00e9r\u00e9brales en dehors du terrain.","og_url":"https:\/\/concussionandcte.org\/fr-ca\/programmes\/camps-faire-equipe\/","og_site_name":"Concussion &amp; CTE Foundation","article_modified_time":"2024-10-19T16:30:23+00:00","twitter_card":"summary_large_image","schema":{"@context":"https:\/\/schema.org","@graph":[{"@type":"WebPage","@id":"https:\/\/concussionandcte.org\/fr-ca\/programmes\/camps-faire-equipe\/","url":"https:\/\/concussionandcte.org\/fr-ca\/programmes\/camps-faire-equipe\/","name":"Les camps Faire \u00e9quipe - Fondation H\u00e9ritage pour les Commotions C\u00e9r\u00e9brales Canada","isPartOf":{"@id":"https:\/\/concussionandcte.org\/fr-ca\/#website"},"datePublished":"2024-10-02T13:10:38+00:00","dateModified":"2024-10-19T16:30:23+00:00","description":"Les camps Faire \u00e9quipe mettent en relation des athl\u00e8tes professionnels et\/ou universitaires avec des jeunes athl\u00e8tes pour une journ\u00e9e de d\u00e9veloppement des comp\u00e9tences sur le terrain, la glace ou le court, ainsi que de sensibilisation aux commotions c\u00e9r\u00e9brales en dehors du terrain.","breadcrumb":{"@id":"https:\/\/concussionandcte.org\/fr-ca\/programmes\/camps-faire-equipe\/#breadcrumb"},"inLanguage":"fr-CA","potentialAction":[{"@type":"ReadAction","target":["https:\/\/concussionandcte.org\/fr-ca\/programmes\/camps-faire-equipe\/"]}]},{"@type":"BreadcrumbList","@id":"https:\/\/concussionandcte.org\/fr-ca\/programmes\/camps-faire-equipe\/#breadcrumb","itemListElement":[{"@type":"ListItem","position":1,"name":"Home","item":"https:\/\/concussionandcte.org\/fr-ca\/"},{"@type":"ListItem","position":2,"name":"Programmes","item":"https:\/\/concussionandcte.org\/fr-ca\/programmes\/"},{"@type":"ListItem","position":3,"name":"Les camps Faire \u00e9quipe"}]},{"@type":"WebSite","@id":"https:\/\/concussionandcte.org\/fr-ca\/#website","url":"https:\/\/concussionandcte.org\/fr-ca\/","name":"Concussion &amp; CTE Foundation","description":"","potentialAction":[{"@type":"SearchAction","target":{"@type":"EntryPoint","urlTemplate":"https:\/\/concussionandcte.org\/fr-ca\/?s={search_term_string}"},"query-input":{"@type":"PropertyValueSpecification","valueRequired":true,"valueName":"search_term_string"}}],"inLanguage":"fr-CA"}]}},"featured_image_src":null,"featured_image_src_square":null,"_links":{"self":[{"href":"https:\/\/concussionandcte.org\/fr-ca\/wp-json\/wp\/v2\/pages\/26823","targetHints":{"allow":["GET"]}}],"collection":[{"href":"https:\/\/concussionandcte.org\/fr-ca\/wp-json\/wp\/v2\/pages"}],"about":[{"href":"https:\/\/concussionandcte.org\/fr-ca\/wp-json\/wp\/v2\/types\/page"}],"author":[{"embeddable":true,"href":"https:\/\/concussionandcte.org\/fr-ca\/wp-json\/wp\/v2\/users\/6"}],"replies":[{"embeddable":true,"href":"https:\/\/concussionandcte.org\/fr-ca\/wp-json\/wp\/v2\/comments?post=26823"}],"version-history":[{"count":0,"href":"https:\/\/concussionandcte.org\/fr-ca\/wp-json\/wp\/v2\/pages\/26823\/revisions"}],"up":[{"embeddable":true,"href":"https:\/\/concussionandcte.org\/fr-ca\/wp-json\/wp\/v2\/pages\/23227"}],"wp:attachment":[{"href":"https:\/\/concussionandcte.org\/fr-ca\/wp-json\/wp\/v2\/media?parent=26823"}],"curies":[{"name":"wp","href":"https:\/\/api.w.org\/{rel}","templated":true}]}}