{"id":24747,"date":"2024-06-27T08:58:15","date_gmt":"2024-06-27T08:58:15","guid":{"rendered":"https:\/\/test11.f5test.in.ua\/cte-resources\/caregiving\/"},"modified":"2024-10-20T20:43:32","modified_gmt":"2024-10-20T20:43:32","slug":"soins","status":"publish","type":"page","link":"https:\/\/concussionandcte.org\/fr-ca\/ressources-etc\/soins\/","title":{"rendered":"Offrir des soins en cas d&#8217;ETC pr\u00e9sum\u00e9e"},"content":{"rendered":"","protected":false},"excerpt":{"rendered":"","protected":false},"author":1,"featured_media":0,"parent":24743,"menu_order":0,"comment_status":"closed","ping_status":"closed","template":"tpl_flex-content.php","meta":{"inline_featured_image":false,"footnotes":""},"class_list":["post-24747","page","type-page","status-publish","hentry"],"acf":[],"yoast_head":"<!-- This site is optimized with the Yoast SEO plugin v27.4 - https:\/\/yoast.com\/product\/yoast-seo-wordpress\/ -->\n<title>Offrir des soins en cas d&#039;ETC pr\u00e9sum\u00e9e | Fondation H\u00e9ritage pour les Commotions C\u00e9r\u00e9brales Canada<\/title>\n<meta name=\"description\" content=\"La Fondation H\u00e9ritage pour les Commotions C\u00e9r\u00e9brales Canada souhaite vous \u00e9quiper, en tant qu&#039;aidant, avec les outils et ressources n\u00e9cessaires pour soutenir vous-m\u00eame et votre proche soup\u00e7onn\u00e9 d&#039;ETC.\" \/>\n<meta name=\"robots\" content=\"index, follow, max-snippet:-1, max-image-preview:large, max-video-preview:-1\" \/>\n<link rel=\"canonical\" href=\"https:\/\/concussionandcte.org\/fr-ca\/ressources-etc\/soins\/\" \/>\n<meta property=\"og:locale\" content=\"fr_CA\" \/>\n<meta property=\"og:type\" content=\"article\" \/>\n<meta property=\"og:title\" content=\"Offrir des soins en cas d&#039;ETC pr\u00e9sum\u00e9e | Fondation H\u00e9ritage pour les Commotions C\u00e9r\u00e9brales Canada\" \/>\n<meta property=\"og:description\" content=\"La Fondation H\u00e9ritage pour les Commotions C\u00e9r\u00e9brales Canada souhaite vous \u00e9quiper, en tant qu&#039;aidant, avec les outils et ressources n\u00e9cessaires pour soutenir vous-m\u00eame et votre proche soup\u00e7onn\u00e9 d&#039;ETC.\" \/>\n<meta property=\"og:url\" content=\"https:\/\/concussionandcte.org\/fr-ca\/ressources-etc\/soins\/\" \/>\n<meta property=\"og:site_name\" content=\"Concussion &amp; CTE Foundation\" \/>\n<meta property=\"article:modified_time\" content=\"2024-10-20T20:43:32+00:00\" \/>\n<meta name=\"twitter:card\" content=\"summary_large_image\" \/>\n<script type=\"application\/ld+json\" class=\"yoast-schema-graph\">{\"@context\":\"https:\\\/\\\/schema.org\",\"@graph\":[{\"@type\":\"WebPage\",\"@id\":\"https:\\\/\\\/concussionandcte.org\\\/fr-ca\\\/ressources-etc\\\/soins\\\/\",\"url\":\"https:\\\/\\\/concussionandcte.org\\\/fr-ca\\\/ressources-etc\\\/soins\\\/\",\"name\":\"Offrir des soins en cas d'ETC pr\u00e9sum\u00e9e | Fondation H\u00e9ritage pour les Commotions C\u00e9r\u00e9brales Canada\",\"isPartOf\":{\"@id\":\"https:\\\/\\\/concussionandcte.org\\\/fr-ca\\\/#website\"},\"datePublished\":\"2024-06-27T08:58:15+00:00\",\"dateModified\":\"2024-10-20T20:43:32+00:00\",\"description\":\"La Fondation H\u00e9ritage pour les Commotions C\u00e9r\u00e9brales Canada souhaite vous \u00e9quiper, en tant qu'aidant, avec les outils et ressources n\u00e9cessaires pour soutenir vous-m\u00eame et votre proche soup\u00e7onn\u00e9 d'ETC.\",\"breadcrumb\":{\"@id\":\"https:\\\/\\\/concussionandcte.org\\\/fr-ca\\\/ressources-etc\\\/soins\\\/#breadcrumb\"},\"inLanguage\":\"fr-CA\",\"potentialAction\":[{\"@type\":\"ReadAction\",\"target\":[\"https:\\\/\\\/concussionandcte.org\\\/fr-ca\\\/ressources-etc\\\/soins\\\/\"]}]},{\"@type\":\"BreadcrumbList\",\"@id\":\"https:\\\/\\\/concussionandcte.org\\\/fr-ca\\\/ressources-etc\\\/soins\\\/#breadcrumb\",\"itemListElement\":[{\"@type\":\"ListItem\",\"position\":1,\"name\":\"Home\",\"item\":\"https:\\\/\\\/concussionandcte.org\\\/fr-ca\\\/\"},{\"@type\":\"ListItem\",\"position\":2,\"name\":\"Ressources sur L&rsquo;ETC\",\"item\":\"https:\\\/\\\/concussionandcte.org\\\/fr-ca\\\/ressources-letc\\\/\"},{\"@type\":\"ListItem\",\"position\":3,\"name\":\"Offrir des soins en cas d&rsquo;ETC pr\u00e9sum\u00e9e\"}]},{\"@type\":\"WebSite\",\"@id\":\"https:\\\/\\\/concussionandcte.org\\\/fr-ca\\\/#website\",\"url\":\"https:\\\/\\\/concussionandcte.org\\\/fr-ca\\\/\",\"name\":\"Concussion &amp; CTE Foundation\",\"description\":\"\",\"potentialAction\":[{\"@type\":\"SearchAction\",\"target\":{\"@type\":\"EntryPoint\",\"urlTemplate\":\"https:\\\/\\\/concussionandcte.org\\\/fr-ca\\\/?s={search_term_string}\"},\"query-input\":{\"@type\":\"PropertyValueSpecification\",\"valueRequired\":true,\"valueName\":\"search_term_string\"}}],\"inLanguage\":\"fr-CA\"}]}<\/script>\n<!-- \/ Yoast SEO plugin. -->","yoast_head_json":{"title":"Offrir des soins en cas d'ETC pr\u00e9sum\u00e9e | Fondation H\u00e9ritage pour les Commotions C\u00e9r\u00e9brales Canada","description":"La Fondation H\u00e9ritage pour les Commotions C\u00e9r\u00e9brales Canada souhaite vous \u00e9quiper, en tant qu'aidant, avec les outils et ressources n\u00e9cessaires pour soutenir vous-m\u00eame et votre proche soup\u00e7onn\u00e9 d'ETC.","robots":{"index":"index","follow":"follow","max-snippet":"max-snippet:-1","max-image-preview":"max-image-preview:large","max-video-preview":"max-video-preview:-1"},"canonical":"https:\/\/concussionandcte.org\/fr-ca\/ressources-etc\/soins\/","og_locale":"fr_CA","og_type":"article","og_title":"Offrir des soins en cas d'ETC pr\u00e9sum\u00e9e | Fondation H\u00e9ritage pour les Commotions C\u00e9r\u00e9brales Canada","og_description":"La Fondation H\u00e9ritage pour les Commotions C\u00e9r\u00e9brales Canada souhaite vous \u00e9quiper, en tant qu'aidant, avec les outils et ressources n\u00e9cessaires pour soutenir vous-m\u00eame et votre proche soup\u00e7onn\u00e9 d'ETC.","og_url":"https:\/\/concussionandcte.org\/fr-ca\/ressources-etc\/soins\/","og_site_name":"Concussion &amp; CTE Foundation","article_modified_time":"2024-10-20T20:43:32+00:00","twitter_card":"summary_large_image","schema":{"@context":"https:\/\/schema.org","@graph":[{"@type":"WebPage","@id":"https:\/\/concussionandcte.org\/fr-ca\/ressources-etc\/soins\/","url":"https:\/\/concussionandcte.org\/fr-ca\/ressources-etc\/soins\/","name":"Offrir des soins en cas d'ETC pr\u00e9sum\u00e9e | Fondation H\u00e9ritage pour les Commotions C\u00e9r\u00e9brales Canada","isPartOf":{"@id":"https:\/\/concussionandcte.org\/fr-ca\/#website"},"datePublished":"2024-06-27T08:58:15+00:00","dateModified":"2024-10-20T20:43:32+00:00","description":"La Fondation H\u00e9ritage pour les Commotions C\u00e9r\u00e9brales Canada souhaite vous \u00e9quiper, en tant qu'aidant, avec les outils et ressources n\u00e9cessaires pour soutenir vous-m\u00eame et votre proche soup\u00e7onn\u00e9 d'ETC.","breadcrumb":{"@id":"https:\/\/concussionandcte.org\/fr-ca\/ressources-etc\/soins\/#breadcrumb"},"inLanguage":"fr-CA","potentialAction":[{"@type":"ReadAction","target":["https:\/\/concussionandcte.org\/fr-ca\/ressources-etc\/soins\/"]}]},{"@type":"BreadcrumbList","@id":"https:\/\/concussionandcte.org\/fr-ca\/ressources-etc\/soins\/#breadcrumb","itemListElement":[{"@type":"ListItem","position":1,"name":"Home","item":"https:\/\/concussionandcte.org\/fr-ca\/"},{"@type":"ListItem","position":2,"name":"Ressources sur L&rsquo;ETC","item":"https:\/\/concussionandcte.org\/fr-ca\/ressources-letc\/"},{"@type":"ListItem","position":3,"name":"Offrir des soins en cas d&rsquo;ETC pr\u00e9sum\u00e9e"}]},{"@type":"WebSite","@id":"https:\/\/concussionandcte.org\/fr-ca\/#website","url":"https:\/\/concussionandcte.org\/fr-ca\/","name":"Concussion &amp; CTE Foundation","description":"","potentialAction":[{"@type":"SearchAction","target":{"@type":"EntryPoint","urlTemplate":"https:\/\/concussionandcte.org\/fr-ca\/?s={search_term_string}"},"query-input":{"@type":"PropertyValueSpecification","valueRequired":true,"valueName":"search_term_string"}}],"inLanguage":"fr-CA"}]}},"featured_image_src":null,"featured_image_src_square":null,"_links":{"self":[{"href":"https:\/\/concussionandcte.org\/fr-ca\/wp-json\/wp\/v2\/pages\/24747","targetHints":{"allow":["GET"]}}],"collection":[{"href":"https:\/\/concussionandcte.org\/fr-ca\/wp-json\/wp\/v2\/pages"}],"about":[{"href":"https:\/\/concussionandcte.org\/fr-ca\/wp-json\/wp\/v2\/types\/page"}],"author":[{"embeddable":true,"href":"https:\/\/concussionandcte.org\/fr-ca\/wp-json\/wp\/v2\/users\/1"}],"replies":[{"embeddable":true,"href":"https:\/\/concussionandcte.org\/fr-ca\/wp-json\/wp\/v2\/comments?post=24747"}],"version-history":[{"count":0,"href":"https:\/\/concussionandcte.org\/fr-ca\/wp-json\/wp\/v2\/pages\/24747\/revisions"}],"up":[{"embeddable":true,"href":"https:\/\/concussionandcte.org\/fr-ca\/wp-json\/wp\/v2\/pages\/24743"}],"wp:attachment":[{"href":"https:\/\/concussionandcte.org\/fr-ca\/wp-json\/wp\/v2\/media?parent=24747"}],"curies":[{"name":"wp","href":"https:\/\/api.w.org\/{rel}","templated":true}]}}