{"id":24743,"date":"2024-06-26T13:00:01","date_gmt":"2024-06-26T13:00:01","guid":{"rendered":"https:\/\/test11.f5test.in.ua\/cte-resources\/"},"modified":"2024-10-18T15:57:48","modified_gmt":"2024-10-18T15:57:48","slug":"ressources-etc","status":"publish","type":"page","link":"https:\/\/concussionandcte.org\/fr-ca\/ressources-letc\/","title":{"rendered":"Ressources sur L&#8217;ETC"},"content":{"rendered":"","protected":false},"excerpt":{"rendered":"","protected":false},"author":1,"featured_media":0,"parent":0,"menu_order":0,"comment_status":"closed","ping_status":"closed","template":"tpl_flex-content.php","meta":{"inline_featured_image":false,"footnotes":""},"class_list":["post-24743","page","type-page","status-publish","hentry"],"acf":[],"yoast_head":"<!-- This site is optimized with the Yoast SEO plugin v26.5 - https:\/\/yoast.com\/wordpress\/plugins\/seo\/ -->\n<title>Ressources sur L&#039;ETC - Fondation H\u00e9ritage pour les Commotions C\u00e9r\u00e9brales Canada<\/title>\n<meta name=\"robots\" content=\"index, follow, max-snippet:-1, max-image-preview:large, max-video-preview:-1\" \/>\n<link rel=\"canonical\" href=\"https:\/\/concussionandcte.org\/fr-ca\/ressources-letc\/\" \/>\n<meta property=\"og:locale\" content=\"fr_CA\" \/>\n<meta property=\"og:type\" content=\"article\" \/>\n<meta property=\"og:title\" content=\"Ressources sur L&#039;ETC - Fondation H\u00e9ritage pour les Commotions C\u00e9r\u00e9brales Canada\" \/>\n<meta property=\"og:url\" content=\"https:\/\/concussionandcte.org\/fr-ca\/ressources-letc\/\" \/>\n<meta property=\"og:site_name\" content=\"Concussion &amp; CTE Foundation\" \/>\n<meta property=\"article:modified_time\" content=\"2024-10-18T15:57:48+00:00\" \/>\n<meta name=\"twitter:card\" content=\"summary_large_image\" \/>\n<script type=\"application\/ld+json\" class=\"yoast-schema-graph\">{\"@context\":\"https:\/\/schema.org\",\"@graph\":[{\"@type\":\"WebPage\",\"@id\":\"https:\/\/concussionandcte.org\/fr-ca\/ressources-letc\/\",\"url\":\"https:\/\/concussionandcte.org\/fr-ca\/ressources-letc\/\",\"name\":\"Ressources sur L'ETC - Fondation H\u00e9ritage pour les Commotions C\u00e9r\u00e9brales Canada\",\"isPartOf\":{\"@id\":\"https:\/\/concussionandcte.org\/fr-ca\/#website\"},\"datePublished\":\"2024-06-26T13:00:01+00:00\",\"dateModified\":\"2024-10-18T15:57:48+00:00\",\"breadcrumb\":{\"@id\":\"https:\/\/concussionandcte.org\/fr-ca\/ressources-letc\/#breadcrumb\"},\"inLanguage\":\"fr-CA\",\"potentialAction\":[{\"@type\":\"ReadAction\",\"target\":[\"https:\/\/concussionandcte.org\/fr-ca\/ressources-letc\/\"]}]},{\"@type\":\"BreadcrumbList\",\"@id\":\"https:\/\/concussionandcte.org\/fr-ca\/ressources-letc\/#breadcrumb\",\"itemListElement\":[{\"@type\":\"ListItem\",\"position\":1,\"name\":\"Home\",\"item\":\"https:\/\/concussionandcte.org\/fr-ca\/\"},{\"@type\":\"ListItem\",\"position\":2,\"name\":\"Ressources sur L&rsquo;ETC\"}]},{\"@type\":\"WebSite\",\"@id\":\"https:\/\/concussionandcte.org\/fr-ca\/#website\",\"url\":\"https:\/\/concussionandcte.org\/fr-ca\/\",\"name\":\"Concussion &amp; CTE Foundation\",\"description\":\"\",\"potentialAction\":[{\"@type\":\"SearchAction\",\"target\":{\"@type\":\"EntryPoint\",\"urlTemplate\":\"https:\/\/concussionandcte.org\/fr-ca\/?s={search_term_string}\"},\"query-input\":{\"@type\":\"PropertyValueSpecification\",\"valueRequired\":true,\"valueName\":\"search_term_string\"}}],\"inLanguage\":\"fr-CA\"}]}<\/script>\n<!-- \/ Yoast SEO plugin. -->","yoast_head_json":{"title":"Ressources sur L'ETC - Fondation H\u00e9ritage pour les Commotions C\u00e9r\u00e9brales Canada","robots":{"index":"index","follow":"follow","max-snippet":"max-snippet:-1","max-image-preview":"max-image-preview:large","max-video-preview":"max-video-preview:-1"},"canonical":"https:\/\/concussionandcte.org\/fr-ca\/ressources-letc\/","og_locale":"fr_CA","og_type":"article","og_title":"Ressources sur L'ETC - Fondation H\u00e9ritage pour les Commotions C\u00e9r\u00e9brales Canada","og_url":"https:\/\/concussionandcte.org\/fr-ca\/ressources-letc\/","og_site_name":"Concussion &amp; CTE Foundation","article_modified_time":"2024-10-18T15:57:48+00:00","twitter_card":"summary_large_image","schema":{"@context":"https:\/\/schema.org","@graph":[{"@type":"WebPage","@id":"https:\/\/concussionandcte.org\/fr-ca\/ressources-letc\/","url":"https:\/\/concussionandcte.org\/fr-ca\/ressources-letc\/","name":"Ressources sur L'ETC - Fondation H\u00e9ritage pour les Commotions C\u00e9r\u00e9brales Canada","isPartOf":{"@id":"https:\/\/concussionandcte.org\/fr-ca\/#website"},"datePublished":"2024-06-26T13:00:01+00:00","dateModified":"2024-10-18T15:57:48+00:00","breadcrumb":{"@id":"https:\/\/concussionandcte.org\/fr-ca\/ressources-letc\/#breadcrumb"},"inLanguage":"fr-CA","potentialAction":[{"@type":"ReadAction","target":["https:\/\/concussionandcte.org\/fr-ca\/ressources-letc\/"]}]},{"@type":"BreadcrumbList","@id":"https:\/\/concussionandcte.org\/fr-ca\/ressources-letc\/#breadcrumb","itemListElement":[{"@type":"ListItem","position":1,"name":"Home","item":"https:\/\/concussionandcte.org\/fr-ca\/"},{"@type":"ListItem","position":2,"name":"Ressources sur L&rsquo;ETC"}]},{"@type":"WebSite","@id":"https:\/\/concussionandcte.org\/fr-ca\/#website","url":"https:\/\/concussionandcte.org\/fr-ca\/","name":"Concussion &amp; CTE Foundation","description":"","potentialAction":[{"@type":"SearchAction","target":{"@type":"EntryPoint","urlTemplate":"https:\/\/concussionandcte.org\/fr-ca\/?s={search_term_string}"},"query-input":{"@type":"PropertyValueSpecification","valueRequired":true,"valueName":"search_term_string"}}],"inLanguage":"fr-CA"}]}},"featured_image_src":null,"featured_image_src_square":null,"_links":{"self":[{"href":"https:\/\/concussionandcte.org\/fr-ca\/wp-json\/wp\/v2\/pages\/24743","targetHints":{"allow":["GET"]}}],"collection":[{"href":"https:\/\/concussionandcte.org\/fr-ca\/wp-json\/wp\/v2\/pages"}],"about":[{"href":"https:\/\/concussionandcte.org\/fr-ca\/wp-json\/wp\/v2\/types\/page"}],"author":[{"embeddable":true,"href":"https:\/\/concussionandcte.org\/fr-ca\/wp-json\/wp\/v2\/users\/1"}],"replies":[{"embeddable":true,"href":"https:\/\/concussionandcte.org\/fr-ca\/wp-json\/wp\/v2\/comments?post=24743"}],"version-history":[{"count":0,"href":"https:\/\/concussionandcte.org\/fr-ca\/wp-json\/wp\/v2\/pages\/24743\/revisions"}],"wp:attachment":[{"href":"https:\/\/concussionandcte.org\/fr-ca\/wp-json\/wp\/v2\/media?parent=24743"}],"curies":[{"name":"wp","href":"https:\/\/api.w.org\/{rel}","templated":true}]}}