{"id":24661,"date":"2024-07-01T14:34:26","date_gmt":"2024-07-01T14:34:26","guid":{"rendered":"https:\/\/test11.f5test.in.ua\/concussion-resources\/"},"modified":"2024-10-18T15:36:02","modified_gmt":"2024-10-18T15:36:02","slug":"ressources-commotions","status":"publish","type":"page","link":"https:\/\/concussionandcte.org\/fr-ca\/ressources-commotions\/","title":{"rendered":"Ressources sur les Commotions C\u00e9r\u00e9brales"},"content":{"rendered":"","protected":false},"excerpt":{"rendered":"","protected":false},"author":1,"featured_media":0,"parent":0,"menu_order":0,"comment_status":"closed","ping_status":"closed","template":"tpl_flex-content.php","meta":{"inline_featured_image":false,"footnotes":""},"class_list":["post-24661","page","type-page","status-publish","hentry"],"acf":[],"yoast_head":"<!-- This site is optimized with the Yoast SEO plugin v26.5 - https:\/\/yoast.com\/wordpress\/plugins\/seo\/ -->\n<title>Ressources &amp; Soutien pour les Commotions | Fondation H\u00e9ritage pour les Commotions C\u00e9r\u00e9brales Canada<\/title>\n<meta name=\"description\" content=\"La Fondation H\u00e9ritage pour les Commotions C\u00e9r\u00e9brales Canada offre des ressources compl\u00e8tes et un soutien pour l&#039;identification, le traitement et la r\u00e9cup\u00e9ration des commotions c\u00e9r\u00e9brales.\" \/>\n<meta name=\"robots\" content=\"noindex, follow\" \/>\n<meta property=\"og:locale\" content=\"fr_CA\" \/>\n<meta property=\"og:type\" content=\"article\" \/>\n<meta property=\"og:title\" content=\"Ressources &amp; Soutien pour les Commotions | Fondation H\u00e9ritage pour les Commotions C\u00e9r\u00e9brales Canada\" \/>\n<meta property=\"og:description\" content=\"La Fondation H\u00e9ritage pour les Commotions C\u00e9r\u00e9brales Canada offre des ressources compl\u00e8tes et un soutien pour l&#039;identification, le traitement et la r\u00e9cup\u00e9ration des commotions c\u00e9r\u00e9brales.\" \/>\n<meta property=\"og:url\" content=\"https:\/\/concussionandcte.org\/fr-ca\/ressources-commotions\/\" \/>\n<meta property=\"og:site_name\" content=\"Concussion &amp; CTE Foundation\" \/>\n<meta property=\"article:modified_time\" content=\"2024-10-18T15:36:02+00:00\" \/>\n<meta name=\"twitter:card\" content=\"summary_large_image\" \/>\n<script type=\"application\/ld+json\" class=\"yoast-schema-graph\">{\"@context\":\"https:\/\/schema.org\",\"@graph\":[{\"@type\":\"WebPage\",\"@id\":\"https:\/\/concussionandcte.org\/fr-ca\/ressources-commotions\/\",\"url\":\"https:\/\/concussionandcte.org\/fr-ca\/ressources-commotions\/\",\"name\":\"Ressources & Soutien pour les Commotions | Fondation H\u00e9ritage pour les Commotions C\u00e9r\u00e9brales Canada\",\"isPartOf\":{\"@id\":\"https:\/\/concussionandcte.org\/fr-ca\/#website\"},\"datePublished\":\"2024-07-01T14:34:26+00:00\",\"dateModified\":\"2024-10-18T15:36:02+00:00\",\"description\":\"La Fondation H\u00e9ritage pour les Commotions C\u00e9r\u00e9brales Canada offre des ressources compl\u00e8tes et un soutien pour l'identification, le traitement et la r\u00e9cup\u00e9ration des commotions c\u00e9r\u00e9brales.\",\"breadcrumb\":{\"@id\":\"https:\/\/concussionandcte.org\/fr-ca\/ressources-commotions\/#breadcrumb\"},\"inLanguage\":\"fr-CA\",\"potentialAction\":[{\"@type\":\"ReadAction\",\"target\":[\"https:\/\/concussionandcte.org\/fr-ca\/ressources-commotions\/\"]}]},{\"@type\":\"BreadcrumbList\",\"@id\":\"https:\/\/concussionandcte.org\/fr-ca\/ressources-commotions\/#breadcrumb\",\"itemListElement\":[{\"@type\":\"ListItem\",\"position\":1,\"name\":\"Home\",\"item\":\"https:\/\/concussionandcte.org\/fr-ca\/\"},{\"@type\":\"ListItem\",\"position\":2,\"name\":\"Ressources sur les Commotions C\u00e9r\u00e9brales\"}]},{\"@type\":\"WebSite\",\"@id\":\"https:\/\/concussionandcte.org\/fr-ca\/#website\",\"url\":\"https:\/\/concussionandcte.org\/fr-ca\/\",\"name\":\"Concussion &amp; CTE Foundation\",\"description\":\"\",\"potentialAction\":[{\"@type\":\"SearchAction\",\"target\":{\"@type\":\"EntryPoint\",\"urlTemplate\":\"https:\/\/concussionandcte.org\/fr-ca\/?s={search_term_string}\"},\"query-input\":{\"@type\":\"PropertyValueSpecification\",\"valueRequired\":true,\"valueName\":\"search_term_string\"}}],\"inLanguage\":\"fr-CA\"}]}<\/script>\n<!-- \/ Yoast SEO plugin. -->","yoast_head_json":{"title":"Ressources & Soutien pour les Commotions | Fondation H\u00e9ritage pour les Commotions C\u00e9r\u00e9brales Canada","description":"La Fondation H\u00e9ritage pour les Commotions C\u00e9r\u00e9brales Canada offre des ressources compl\u00e8tes et un soutien pour l'identification, le traitement et la r\u00e9cup\u00e9ration des commotions c\u00e9r\u00e9brales.","robots":{"index":"noindex","follow":"follow"},"og_locale":"fr_CA","og_type":"article","og_title":"Ressources & Soutien pour les Commotions | Fondation H\u00e9ritage pour les Commotions C\u00e9r\u00e9brales Canada","og_description":"La Fondation H\u00e9ritage pour les Commotions C\u00e9r\u00e9brales Canada offre des ressources compl\u00e8tes et un soutien pour l'identification, le traitement et la r\u00e9cup\u00e9ration des commotions c\u00e9r\u00e9brales.","og_url":"https:\/\/concussionandcte.org\/fr-ca\/ressources-commotions\/","og_site_name":"Concussion &amp; CTE Foundation","article_modified_time":"2024-10-18T15:36:02+00:00","twitter_card":"summary_large_image","schema":{"@context":"https:\/\/schema.org","@graph":[{"@type":"WebPage","@id":"https:\/\/concussionandcte.org\/fr-ca\/ressources-commotions\/","url":"https:\/\/concussionandcte.org\/fr-ca\/ressources-commotions\/","name":"Ressources & Soutien pour les Commotions | Fondation H\u00e9ritage pour les Commotions C\u00e9r\u00e9brales Canada","isPartOf":{"@id":"https:\/\/concussionandcte.org\/fr-ca\/#website"},"datePublished":"2024-07-01T14:34:26+00:00","dateModified":"2024-10-18T15:36:02+00:00","description":"La Fondation H\u00e9ritage pour les Commotions C\u00e9r\u00e9brales Canada offre des ressources compl\u00e8tes et un soutien pour l'identification, le traitement et la r\u00e9cup\u00e9ration des commotions c\u00e9r\u00e9brales.","breadcrumb":{"@id":"https:\/\/concussionandcte.org\/fr-ca\/ressources-commotions\/#breadcrumb"},"inLanguage":"fr-CA","potentialAction":[{"@type":"ReadAction","target":["https:\/\/concussionandcte.org\/fr-ca\/ressources-commotions\/"]}]},{"@type":"BreadcrumbList","@id":"https:\/\/concussionandcte.org\/fr-ca\/ressources-commotions\/#breadcrumb","itemListElement":[{"@type":"ListItem","position":1,"name":"Home","item":"https:\/\/concussionandcte.org\/fr-ca\/"},{"@type":"ListItem","position":2,"name":"Ressources sur les Commotions C\u00e9r\u00e9brales"}]},{"@type":"WebSite","@id":"https:\/\/concussionandcte.org\/fr-ca\/#website","url":"https:\/\/concussionandcte.org\/fr-ca\/","name":"Concussion &amp; CTE Foundation","description":"","potentialAction":[{"@type":"SearchAction","target":{"@type":"EntryPoint","urlTemplate":"https:\/\/concussionandcte.org\/fr-ca\/?s={search_term_string}"},"query-input":{"@type":"PropertyValueSpecification","valueRequired":true,"valueName":"search_term_string"}}],"inLanguage":"fr-CA"}]}},"featured_image_src":null,"featured_image_src_square":null,"_links":{"self":[{"href":"https:\/\/concussionandcte.org\/fr-ca\/wp-json\/wp\/v2\/pages\/24661","targetHints":{"allow":["GET"]}}],"collection":[{"href":"https:\/\/concussionandcte.org\/fr-ca\/wp-json\/wp\/v2\/pages"}],"about":[{"href":"https:\/\/concussionandcte.org\/fr-ca\/wp-json\/wp\/v2\/types\/page"}],"author":[{"embeddable":true,"href":"https:\/\/concussionandcte.org\/fr-ca\/wp-json\/wp\/v2\/users\/1"}],"replies":[{"embeddable":true,"href":"https:\/\/concussionandcte.org\/fr-ca\/wp-json\/wp\/v2\/comments?post=24661"}],"version-history":[{"count":0,"href":"https:\/\/concussionandcte.org\/fr-ca\/wp-json\/wp\/v2\/pages\/24661\/revisions"}],"wp:attachment":[{"href":"https:\/\/concussionandcte.org\/fr-ca\/wp-json\/wp\/v2\/media?parent=24661"}],"curies":[{"name":"wp","href":"https:\/\/api.w.org\/{rel}","templated":true}]}}