{"id":23273,"date":"2024-06-28T11:15:59","date_gmt":"2024-06-28T11:15:59","guid":{"rendered":"https:\/\/test11.f5test.in.ua\/peer-support\/"},"modified":"2024-11-07T17:58:41","modified_gmt":"2024-11-07T17:58:41","slug":"soutien-par-les-pairs","status":"publish","type":"page","link":"https:\/\/concussionandcte.org\/fr-ca\/soutien-par-les-pairs\/","title":{"rendered":"Soutien par les pairs"},"content":{"rendered":"<p>Si vous \u00eates un patient ou un proche aidant qui est &#8220;pass\u00e9 par l\u00e0&#8221; et que vous souhaitez devenir b\u00e9n\u00e9vole de soutien par les pairs dans le cadre du programme de soutien par les pairs de la FHCC, nous serions ravis de vous rencontrer. Veuillez soumettre une demande de b\u00e9n\u00e9volat pour le soutien par les pairs afin de prendre rendez-vous avec les coordonnateurs du soutien par les pairs de la FHCC.<\/p>\n<p>Cliquez ici pour en savoir plus<\/p>\n<p>Si vous \u00eates particuli\u00e8rement int\u00e9ress\u00e9(e) par le b\u00e9n\u00e9volat aupr\u00e8s de patients confront\u00e9s \u00e0 l\u2019ETC pr\u00e9sum\u00e9e, cliquez ici pour en savoir plus.<\/p>\n","protected":false},"excerpt":{"rendered":"<p>Si vous \u00eates un patient ou un proche aidant qui est &#8220;pass\u00e9 par l\u00e0&#8221; et que vous souhaitez devenir b\u00e9n\u00e9vole de soutien par les pairs dans le cadre du programme de soutien par les pairs de la FHCC, nous serions ravis de vous rencontrer. Veuillez soumettre une demande de b\u00e9n\u00e9volat pour le soutien par les [&hellip;]<\/p>\n","protected":false},"author":1,"featured_media":0,"parent":0,"menu_order":0,"comment_status":"closed","ping_status":"closed","template":"tpl_flex-content.php","meta":{"inline_featured_image":false,"footnotes":""},"class_list":["post-23273","page","type-page","status-publish","hentry"],"acf":[],"yoast_head":"<!-- This site is optimized with the Yoast SEO plugin v27.4 - https:\/\/yoast.com\/product\/yoast-seo-wordpress\/ -->\n<title>Soutien par les pairs | Fondation H\u00e9ritage pour les Commotions C\u00e9r\u00e9brales Canada<\/title>\n<meta name=\"description\" content=\"Si vous \u00eates un patient ou un proche aidant qui est &quot;pass\u00e9 par l\u00e0&quot; et que vous souhaitez devenir b\u00e9n\u00e9vole de soutien par les pairs dans le cadre du\" \/>\n<meta name=\"robots\" content=\"index, follow, max-snippet:-1, max-image-preview:large, max-video-preview:-1\" \/>\n<link rel=\"canonical\" href=\"https:\/\/concussionandcte.org\/fr-ca\/soutien-par-les-pairs\/\" \/>\n<meta property=\"og:locale\" content=\"fr_CA\" \/>\n<meta property=\"og:type\" content=\"article\" \/>\n<meta property=\"og:title\" content=\"Soutien par les pairs | Fondation H\u00e9ritage pour les Commotions C\u00e9r\u00e9brales Canada\" \/>\n<meta property=\"og:description\" content=\"Si vous \u00eates un patient ou un proche aidant qui est &quot;pass\u00e9 par l\u00e0&quot; et que vous souhaitez devenir b\u00e9n\u00e9vole de soutien par les pairs dans le cadre du\" \/>\n<meta property=\"og:url\" content=\"https:\/\/concussionandcte.org\/fr-ca\/soutien-par-les-pairs\/\" \/>\n<meta property=\"og:site_name\" content=\"Concussion &amp; CTE Foundation\" \/>\n<meta property=\"article:modified_time\" content=\"2024-11-07T17:58:41+00:00\" \/>\n<meta name=\"twitter:card\" content=\"summary_large_image\" \/>\n<meta name=\"twitter:label1\" content=\"Estimation du temps de lecture\" \/>\n\t<meta name=\"twitter:data1\" content=\"1 minute\" \/>\n<script type=\"application\/ld+json\" class=\"yoast-schema-graph\">{\"@context\":\"https:\\\/\\\/schema.org\",\"@graph\":[{\"@type\":\"WebPage\",\"@id\":\"https:\\\/\\\/concussionandcte.org\\\/fr-ca\\\/soutien-par-les-pairs\\\/\",\"url\":\"https:\\\/\\\/concussionandcte.org\\\/fr-ca\\\/soutien-par-les-pairs\\\/\",\"name\":\"Soutien par les pairs | Fondation H\u00e9ritage pour les Commotions C\u00e9r\u00e9brales Canada\",\"isPartOf\":{\"@id\":\"https:\\\/\\\/concussionandcte.org\\\/fr-ca\\\/#website\"},\"datePublished\":\"2024-06-28T11:15:59+00:00\",\"dateModified\":\"2024-11-07T17:58:41+00:00\",\"description\":\"Si vous \u00eates un patient ou un proche aidant qui est \\\"pass\u00e9 par l\u00e0\\\" et que vous souhaitez devenir b\u00e9n\u00e9vole de soutien par les pairs dans le cadre du\",\"breadcrumb\":{\"@id\":\"https:\\\/\\\/concussionandcte.org\\\/fr-ca\\\/soutien-par-les-pairs\\\/#breadcrumb\"},\"inLanguage\":\"fr-CA\",\"potentialAction\":[{\"@type\":\"ReadAction\",\"target\":[\"https:\\\/\\\/concussionandcte.org\\\/fr-ca\\\/soutien-par-les-pairs\\\/\"]}]},{\"@type\":\"BreadcrumbList\",\"@id\":\"https:\\\/\\\/concussionandcte.org\\\/fr-ca\\\/soutien-par-les-pairs\\\/#breadcrumb\",\"itemListElement\":[{\"@type\":\"ListItem\",\"position\":1,\"name\":\"Home\",\"item\":\"https:\\\/\\\/concussionandcte.org\\\/fr-ca\\\/\"},{\"@type\":\"ListItem\",\"position\":2,\"name\":\"Soutien par les pairs\"}]},{\"@type\":\"WebSite\",\"@id\":\"https:\\\/\\\/concussionandcte.org\\\/fr-ca\\\/#website\",\"url\":\"https:\\\/\\\/concussionandcte.org\\\/fr-ca\\\/\",\"name\":\"Concussion &amp; CTE Foundation\",\"description\":\"\",\"potentialAction\":[{\"@type\":\"SearchAction\",\"target\":{\"@type\":\"EntryPoint\",\"urlTemplate\":\"https:\\\/\\\/concussionandcte.org\\\/fr-ca\\\/?s={search_term_string}\"},\"query-input\":{\"@type\":\"PropertyValueSpecification\",\"valueRequired\":true,\"valueName\":\"search_term_string\"}}],\"inLanguage\":\"fr-CA\"}]}<\/script>\n<!-- \/ Yoast SEO plugin. -->","yoast_head_json":{"title":"Soutien par les pairs | Fondation H\u00e9ritage pour les Commotions C\u00e9r\u00e9brales Canada","description":"Si vous \u00eates un patient ou un proche aidant qui est \"pass\u00e9 par l\u00e0\" et que vous souhaitez devenir b\u00e9n\u00e9vole de soutien par les pairs dans le cadre du","robots":{"index":"index","follow":"follow","max-snippet":"max-snippet:-1","max-image-preview":"max-image-preview:large","max-video-preview":"max-video-preview:-1"},"canonical":"https:\/\/concussionandcte.org\/fr-ca\/soutien-par-les-pairs\/","og_locale":"fr_CA","og_type":"article","og_title":"Soutien par les pairs | Fondation H\u00e9ritage pour les Commotions C\u00e9r\u00e9brales Canada","og_description":"Si vous \u00eates un patient ou un proche aidant qui est \"pass\u00e9 par l\u00e0\" et que vous souhaitez devenir b\u00e9n\u00e9vole de soutien par les pairs dans le cadre du","og_url":"https:\/\/concussionandcte.org\/fr-ca\/soutien-par-les-pairs\/","og_site_name":"Concussion &amp; CTE Foundation","article_modified_time":"2024-11-07T17:58:41+00:00","twitter_card":"summary_large_image","twitter_misc":{"Estimation du temps de lecture":"1 minute"},"schema":{"@context":"https:\/\/schema.org","@graph":[{"@type":"WebPage","@id":"https:\/\/concussionandcte.org\/fr-ca\/soutien-par-les-pairs\/","url":"https:\/\/concussionandcte.org\/fr-ca\/soutien-par-les-pairs\/","name":"Soutien par les pairs | Fondation H\u00e9ritage pour les Commotions C\u00e9r\u00e9brales Canada","isPartOf":{"@id":"https:\/\/concussionandcte.org\/fr-ca\/#website"},"datePublished":"2024-06-28T11:15:59+00:00","dateModified":"2024-11-07T17:58:41+00:00","description":"Si vous \u00eates un patient ou un proche aidant qui est \"pass\u00e9 par l\u00e0\" et que vous souhaitez devenir b\u00e9n\u00e9vole de soutien par les pairs dans le cadre du","breadcrumb":{"@id":"https:\/\/concussionandcte.org\/fr-ca\/soutien-par-les-pairs\/#breadcrumb"},"inLanguage":"fr-CA","potentialAction":[{"@type":"ReadAction","target":["https:\/\/concussionandcte.org\/fr-ca\/soutien-par-les-pairs\/"]}]},{"@type":"BreadcrumbList","@id":"https:\/\/concussionandcte.org\/fr-ca\/soutien-par-les-pairs\/#breadcrumb","itemListElement":[{"@type":"ListItem","position":1,"name":"Home","item":"https:\/\/concussionandcte.org\/fr-ca\/"},{"@type":"ListItem","position":2,"name":"Soutien par les pairs"}]},{"@type":"WebSite","@id":"https:\/\/concussionandcte.org\/fr-ca\/#website","url":"https:\/\/concussionandcte.org\/fr-ca\/","name":"Concussion &amp; CTE Foundation","description":"","potentialAction":[{"@type":"SearchAction","target":{"@type":"EntryPoint","urlTemplate":"https:\/\/concussionandcte.org\/fr-ca\/?s={search_term_string}"},"query-input":{"@type":"PropertyValueSpecification","valueRequired":true,"valueName":"search_term_string"}}],"inLanguage":"fr-CA"}]}},"featured_image_src":null,"featured_image_src_square":null,"_links":{"self":[{"href":"https:\/\/concussionandcte.org\/fr-ca\/wp-json\/wp\/v2\/pages\/23273","targetHints":{"allow":["GET"]}}],"collection":[{"href":"https:\/\/concussionandcte.org\/fr-ca\/wp-json\/wp\/v2\/pages"}],"about":[{"href":"https:\/\/concussionandcte.org\/fr-ca\/wp-json\/wp\/v2\/types\/page"}],"author":[{"embeddable":true,"href":"https:\/\/concussionandcte.org\/fr-ca\/wp-json\/wp\/v2\/users\/1"}],"replies":[{"embeddable":true,"href":"https:\/\/concussionandcte.org\/fr-ca\/wp-json\/wp\/v2\/comments?post=23273"}],"version-history":[{"count":0,"href":"https:\/\/concussionandcte.org\/fr-ca\/wp-json\/wp\/v2\/pages\/23273\/revisions"}],"wp:attachment":[{"href":"https:\/\/concussionandcte.org\/fr-ca\/wp-json\/wp\/v2\/media?parent=23273"}],"curies":[{"name":"wp","href":"https:\/\/api.w.org\/{rel}","templated":true}]}}