{"id":23261,"date":"2024-08-06T12:22:58","date_gmt":"2024-08-06T12:22:58","guid":{"rendered":"https:\/\/test11.f5test.in.ua\/programs\/brain-banks\/leadership\/"},"modified":"2024-10-19T11:17:53","modified_gmt":"2024-10-19T11:17:53","slug":"leadership","status":"publish","type":"page","link":"https:\/\/concussionandcte.org\/fr-ca\/programmes\/banque-mondiale-de-cerveau\/leadership\/","title":{"rendered":"Leadership de la Banque Mondiale de Cerveaux"},"content":{"rendered":"","protected":false},"excerpt":{"rendered":"","protected":false},"author":1,"featured_media":0,"parent":23237,"menu_order":0,"comment_status":"closed","ping_status":"closed","template":"tpl_flex-content.php","meta":{"inline_featured_image":false,"footnotes":""},"class_list":["post-23261","page","type-page","status-publish","hentry"],"acf":[],"yoast_head":"<!-- This site is optimized with the Yoast SEO plugin v27.4 - https:\/\/yoast.com\/product\/yoast-seo-wordpress\/ -->\n<title>Leadership de la banque mondiale de cerveaux | Fondation H\u00e9ritage pour les Commotions C\u00e9r\u00e9brales Canada<\/title>\n<meta name=\"robots\" content=\"index, follow, max-snippet:-1, max-image-preview:large, max-video-preview:-1\" \/>\n<link rel=\"canonical\" href=\"https:\/\/concussionandcte.org\/fr-ca\/programmes\/banque-mondiale-de-cerveau\/leadership\/\" \/>\n<meta property=\"og:locale\" content=\"fr_CA\" \/>\n<meta property=\"og:type\" content=\"article\" \/>\n<meta property=\"og:title\" content=\"Leadership de la banque mondiale de cerveaux | Fondation H\u00e9ritage pour les Commotions C\u00e9r\u00e9brales Canada\" \/>\n<meta property=\"og:url\" content=\"https:\/\/concussionandcte.org\/fr-ca\/programmes\/banque-mondiale-de-cerveau\/leadership\/\" \/>\n<meta property=\"og:site_name\" content=\"Concussion &amp; CTE Foundation\" \/>\n<meta property=\"article:modified_time\" content=\"2024-10-19T11:17:53+00:00\" \/>\n<meta name=\"twitter:card\" content=\"summary_large_image\" \/>\n<script type=\"application\/ld+json\" class=\"yoast-schema-graph\">{\"@context\":\"https:\\\/\\\/schema.org\",\"@graph\":[{\"@type\":\"WebPage\",\"@id\":\"https:\\\/\\\/concussionandcte.org\\\/fr-ca\\\/programmes\\\/banque-mondiale-de-cerveau\\\/leadership\\\/\",\"url\":\"https:\\\/\\\/concussionandcte.org\\\/fr-ca\\\/programmes\\\/banque-mondiale-de-cerveau\\\/leadership\\\/\",\"name\":\"Leadership de la banque mondiale de cerveaux | Fondation H\u00e9ritage pour les Commotions C\u00e9r\u00e9brales Canada\",\"isPartOf\":{\"@id\":\"https:\\\/\\\/concussionandcte.org\\\/fr-ca\\\/#website\"},\"datePublished\":\"2024-08-06T12:22:58+00:00\",\"dateModified\":\"2024-10-19T11:17:53+00:00\",\"breadcrumb\":{\"@id\":\"https:\\\/\\\/concussionandcte.org\\\/fr-ca\\\/programmes\\\/banque-mondiale-de-cerveau\\\/leadership\\\/#breadcrumb\"},\"inLanguage\":\"fr-CA\",\"potentialAction\":[{\"@type\":\"ReadAction\",\"target\":[\"https:\\\/\\\/concussionandcte.org\\\/fr-ca\\\/programmes\\\/banque-mondiale-de-cerveau\\\/leadership\\\/\"]}]},{\"@type\":\"BreadcrumbList\",\"@id\":\"https:\\\/\\\/concussionandcte.org\\\/fr-ca\\\/programmes\\\/banque-mondiale-de-cerveau\\\/leadership\\\/#breadcrumb\",\"itemListElement\":[{\"@type\":\"ListItem\",\"position\":1,\"name\":\"Home\",\"item\":\"https:\\\/\\\/concussionandcte.org\\\/fr-ca\\\/\"},{\"@type\":\"ListItem\",\"position\":2,\"name\":\"Programmes\",\"item\":\"https:\\\/\\\/concussionandcte.org\\\/fr-ca\\\/programmes\\\/\"},{\"@type\":\"ListItem\",\"position\":3,\"name\":\"Banques de cerveaux\",\"item\":\"https:\\\/\\\/concussionandcte.org\\\/fr-ca\\\/programmes\\\/banques-de-cerveaux\\\/\"},{\"@type\":\"ListItem\",\"position\":4,\"name\":\"Leadership de la Banque Mondiale de Cerveaux\"}]},{\"@type\":\"WebSite\",\"@id\":\"https:\\\/\\\/concussionandcte.org\\\/fr-ca\\\/#website\",\"url\":\"https:\\\/\\\/concussionandcte.org\\\/fr-ca\\\/\",\"name\":\"Concussion &amp; CTE Foundation\",\"description\":\"\",\"potentialAction\":[{\"@type\":\"SearchAction\",\"target\":{\"@type\":\"EntryPoint\",\"urlTemplate\":\"https:\\\/\\\/concussionandcte.org\\\/fr-ca\\\/?s={search_term_string}\"},\"query-input\":{\"@type\":\"PropertyValueSpecification\",\"valueRequired\":true,\"valueName\":\"search_term_string\"}}],\"inLanguage\":\"fr-CA\"}]}<\/script>\n<!-- \/ Yoast SEO plugin. -->","yoast_head_json":{"title":"Leadership de la banque mondiale de cerveaux | Fondation H\u00e9ritage pour les Commotions C\u00e9r\u00e9brales Canada","robots":{"index":"index","follow":"follow","max-snippet":"max-snippet:-1","max-image-preview":"max-image-preview:large","max-video-preview":"max-video-preview:-1"},"canonical":"https:\/\/concussionandcte.org\/fr-ca\/programmes\/banque-mondiale-de-cerveau\/leadership\/","og_locale":"fr_CA","og_type":"article","og_title":"Leadership de la banque mondiale de cerveaux | Fondation H\u00e9ritage pour les Commotions C\u00e9r\u00e9brales Canada","og_url":"https:\/\/concussionandcte.org\/fr-ca\/programmes\/banque-mondiale-de-cerveau\/leadership\/","og_site_name":"Concussion &amp; CTE Foundation","article_modified_time":"2024-10-19T11:17:53+00:00","twitter_card":"summary_large_image","schema":{"@context":"https:\/\/schema.org","@graph":[{"@type":"WebPage","@id":"https:\/\/concussionandcte.org\/fr-ca\/programmes\/banque-mondiale-de-cerveau\/leadership\/","url":"https:\/\/concussionandcte.org\/fr-ca\/programmes\/banque-mondiale-de-cerveau\/leadership\/","name":"Leadership de la banque mondiale de cerveaux | Fondation H\u00e9ritage pour les Commotions C\u00e9r\u00e9brales Canada","isPartOf":{"@id":"https:\/\/concussionandcte.org\/fr-ca\/#website"},"datePublished":"2024-08-06T12:22:58+00:00","dateModified":"2024-10-19T11:17:53+00:00","breadcrumb":{"@id":"https:\/\/concussionandcte.org\/fr-ca\/programmes\/banque-mondiale-de-cerveau\/leadership\/#breadcrumb"},"inLanguage":"fr-CA","potentialAction":[{"@type":"ReadAction","target":["https:\/\/concussionandcte.org\/fr-ca\/programmes\/banque-mondiale-de-cerveau\/leadership\/"]}]},{"@type":"BreadcrumbList","@id":"https:\/\/concussionandcte.org\/fr-ca\/programmes\/banque-mondiale-de-cerveau\/leadership\/#breadcrumb","itemListElement":[{"@type":"ListItem","position":1,"name":"Home","item":"https:\/\/concussionandcte.org\/fr-ca\/"},{"@type":"ListItem","position":2,"name":"Programmes","item":"https:\/\/concussionandcte.org\/fr-ca\/programmes\/"},{"@type":"ListItem","position":3,"name":"Banques de cerveaux","item":"https:\/\/concussionandcte.org\/fr-ca\/programmes\/banques-de-cerveaux\/"},{"@type":"ListItem","position":4,"name":"Leadership de la Banque Mondiale de Cerveaux"}]},{"@type":"WebSite","@id":"https:\/\/concussionandcte.org\/fr-ca\/#website","url":"https:\/\/concussionandcte.org\/fr-ca\/","name":"Concussion &amp; CTE Foundation","description":"","potentialAction":[{"@type":"SearchAction","target":{"@type":"EntryPoint","urlTemplate":"https:\/\/concussionandcte.org\/fr-ca\/?s={search_term_string}"},"query-input":{"@type":"PropertyValueSpecification","valueRequired":true,"valueName":"search_term_string"}}],"inLanguage":"fr-CA"}]}},"featured_image_src":null,"featured_image_src_square":null,"_links":{"self":[{"href":"https:\/\/concussionandcte.org\/fr-ca\/wp-json\/wp\/v2\/pages\/23261","targetHints":{"allow":["GET"]}}],"collection":[{"href":"https:\/\/concussionandcte.org\/fr-ca\/wp-json\/wp\/v2\/pages"}],"about":[{"href":"https:\/\/concussionandcte.org\/fr-ca\/wp-json\/wp\/v2\/types\/page"}],"author":[{"embeddable":true,"href":"https:\/\/concussionandcte.org\/fr-ca\/wp-json\/wp\/v2\/users\/1"}],"replies":[{"embeddable":true,"href":"https:\/\/concussionandcte.org\/fr-ca\/wp-json\/wp\/v2\/comments?post=23261"}],"version-history":[{"count":0,"href":"https:\/\/concussionandcte.org\/fr-ca\/wp-json\/wp\/v2\/pages\/23261\/revisions"}],"up":[{"embeddable":true,"href":"https:\/\/concussionandcte.org\/fr-ca\/wp-json\/wp\/v2\/pages\/23237"}],"wp:attachment":[{"href":"https:\/\/concussionandcte.org\/fr-ca\/wp-json\/wp\/v2\/media?parent=23261"}],"curies":[{"name":"wp","href":"https:\/\/api.w.org\/{rel}","templated":true}]}}