{"id":23127,"date":"2024-07-01T13:56:06","date_gmt":"2024-07-01T13:56:06","guid":{"rendered":"https:\/\/test11.f5test.in.ua\/flag-football-under-14\/"},"modified":"2024-10-19T12:08:03","modified_gmt":"2024-10-19T12:08:03","slug":"flag-football-moins-de-14","status":"publish","type":"page","link":"https:\/\/concussionandcte.org\/fr-ca\/programmes\/flag-football-moins-de-14\/","title":{"rendered":"Le Flag-Football pour les moins de 14 ans"},"content":{"rendered":"","protected":false},"excerpt":{"rendered":"","protected":false},"author":3,"featured_media":0,"parent":23227,"menu_order":0,"comment_status":"closed","ping_status":"closed","template":"tpl_flex-content.php","meta":{"inline_featured_image":false,"footnotes":""},"class_list":["post-23127","page","type-page","status-publish","hentry"],"acf":[],"yoast_head":"<!-- This site is optimized with the Yoast SEO plugin v26.5 - https:\/\/yoast.com\/wordpress\/plugins\/seo\/ -->\n<title>Le Flag-Football pour les moins de 14 ans - Fondation H\u00e9ritage pour les Commotions C\u00e9r\u00e9brales Canada<\/title>\n<meta name=\"description\" content=\"Le flag-football pour les moins de 14 ans : une campagne d&#039;\u00e9ducation pour les parents. Cliquez ici pour apprendre encore plus.\" \/>\n<meta name=\"robots\" content=\"index, follow, max-snippet:-1, max-image-preview:large, max-video-preview:-1\" \/>\n<link rel=\"canonical\" href=\"https:\/\/concussionandcte.org\/fr-ca\/programmes\/flag-football-moins-de-14\/\" \/>\n<meta property=\"og:locale\" content=\"fr_CA\" \/>\n<meta property=\"og:type\" content=\"article\" \/>\n<meta property=\"og:title\" content=\"Le Flag-Football pour les moins de 14 ans - Fondation H\u00e9ritage pour les Commotions C\u00e9r\u00e9brales Canada\" \/>\n<meta property=\"og:description\" content=\"Le flag-football pour les moins de 14 ans : une campagne d&#039;\u00e9ducation pour les parents. Cliquez ici pour apprendre encore plus.\" \/>\n<meta property=\"og:url\" content=\"https:\/\/concussionandcte.org\/fr-ca\/programmes\/flag-football-moins-de-14\/\" \/>\n<meta property=\"og:site_name\" content=\"Concussion &amp; CTE Foundation\" \/>\n<meta property=\"article:modified_time\" content=\"2024-10-19T12:08:03+00:00\" \/>\n<meta name=\"twitter:card\" content=\"summary_large_image\" \/>\n<script type=\"application\/ld+json\" class=\"yoast-schema-graph\">{\"@context\":\"https:\/\/schema.org\",\"@graph\":[{\"@type\":\"WebPage\",\"@id\":\"https:\/\/concussionandcte.org\/fr-ca\/programmes\/flag-football-moins-de-14\/\",\"url\":\"https:\/\/concussionandcte.org\/fr-ca\/programmes\/flag-football-moins-de-14\/\",\"name\":\"Le Flag-Football pour les moins de 14 ans - Fondation H\u00e9ritage pour les Commotions C\u00e9r\u00e9brales Canada\",\"isPartOf\":{\"@id\":\"https:\/\/concussionandcte.org\/fr-ca\/#website\"},\"datePublished\":\"2024-07-01T13:56:06+00:00\",\"dateModified\":\"2024-10-19T12:08:03+00:00\",\"description\":\"Le flag-football pour les moins de 14 ans : une campagne d'\u00e9ducation pour les parents. Cliquez ici pour apprendre encore plus.\",\"breadcrumb\":{\"@id\":\"https:\/\/concussionandcte.org\/fr-ca\/programmes\/flag-football-moins-de-14\/#breadcrumb\"},\"inLanguage\":\"fr-CA\",\"potentialAction\":[{\"@type\":\"ReadAction\",\"target\":[\"https:\/\/concussionandcte.org\/fr-ca\/programmes\/flag-football-moins-de-14\/\"]}]},{\"@type\":\"BreadcrumbList\",\"@id\":\"https:\/\/concussionandcte.org\/fr-ca\/programmes\/flag-football-moins-de-14\/#breadcrumb\",\"itemListElement\":[{\"@type\":\"ListItem\",\"position\":1,\"name\":\"Home\",\"item\":\"https:\/\/concussionandcte.org\/fr-ca\/\"},{\"@type\":\"ListItem\",\"position\":2,\"name\":\"Programmes\",\"item\":\"https:\/\/concussionandcte.org\/fr-ca\/programmes\/\"},{\"@type\":\"ListItem\",\"position\":3,\"name\":\"Le Flag-Football pour les moins de 14 ans\"}]},{\"@type\":\"WebSite\",\"@id\":\"https:\/\/concussionandcte.org\/fr-ca\/#website\",\"url\":\"https:\/\/concussionandcte.org\/fr-ca\/\",\"name\":\"Concussion &amp; CTE Foundation\",\"description\":\"\",\"potentialAction\":[{\"@type\":\"SearchAction\",\"target\":{\"@type\":\"EntryPoint\",\"urlTemplate\":\"https:\/\/concussionandcte.org\/fr-ca\/?s={search_term_string}\"},\"query-input\":{\"@type\":\"PropertyValueSpecification\",\"valueRequired\":true,\"valueName\":\"search_term_string\"}}],\"inLanguage\":\"fr-CA\"}]}<\/script>\n<!-- \/ Yoast SEO plugin. -->","yoast_head_json":{"title":"Le Flag-Football pour les moins de 14 ans - Fondation H\u00e9ritage pour les Commotions C\u00e9r\u00e9brales Canada","description":"Le flag-football pour les moins de 14 ans : une campagne d'\u00e9ducation pour les parents. Cliquez ici pour apprendre encore plus.","robots":{"index":"index","follow":"follow","max-snippet":"max-snippet:-1","max-image-preview":"max-image-preview:large","max-video-preview":"max-video-preview:-1"},"canonical":"https:\/\/concussionandcte.org\/fr-ca\/programmes\/flag-football-moins-de-14\/","og_locale":"fr_CA","og_type":"article","og_title":"Le Flag-Football pour les moins de 14 ans - Fondation H\u00e9ritage pour les Commotions C\u00e9r\u00e9brales Canada","og_description":"Le flag-football pour les moins de 14 ans : une campagne d'\u00e9ducation pour les parents. Cliquez ici pour apprendre encore plus.","og_url":"https:\/\/concussionandcte.org\/fr-ca\/programmes\/flag-football-moins-de-14\/","og_site_name":"Concussion &amp; CTE Foundation","article_modified_time":"2024-10-19T12:08:03+00:00","twitter_card":"summary_large_image","schema":{"@context":"https:\/\/schema.org","@graph":[{"@type":"WebPage","@id":"https:\/\/concussionandcte.org\/fr-ca\/programmes\/flag-football-moins-de-14\/","url":"https:\/\/concussionandcte.org\/fr-ca\/programmes\/flag-football-moins-de-14\/","name":"Le Flag-Football pour les moins de 14 ans - Fondation H\u00e9ritage pour les Commotions C\u00e9r\u00e9brales Canada","isPartOf":{"@id":"https:\/\/concussionandcte.org\/fr-ca\/#website"},"datePublished":"2024-07-01T13:56:06+00:00","dateModified":"2024-10-19T12:08:03+00:00","description":"Le flag-football pour les moins de 14 ans : une campagne d'\u00e9ducation pour les parents. Cliquez ici pour apprendre encore plus.","breadcrumb":{"@id":"https:\/\/concussionandcte.org\/fr-ca\/programmes\/flag-football-moins-de-14\/#breadcrumb"},"inLanguage":"fr-CA","potentialAction":[{"@type":"ReadAction","target":["https:\/\/concussionandcte.org\/fr-ca\/programmes\/flag-football-moins-de-14\/"]}]},{"@type":"BreadcrumbList","@id":"https:\/\/concussionandcte.org\/fr-ca\/programmes\/flag-football-moins-de-14\/#breadcrumb","itemListElement":[{"@type":"ListItem","position":1,"name":"Home","item":"https:\/\/concussionandcte.org\/fr-ca\/"},{"@type":"ListItem","position":2,"name":"Programmes","item":"https:\/\/concussionandcte.org\/fr-ca\/programmes\/"},{"@type":"ListItem","position":3,"name":"Le Flag-Football pour les moins de 14 ans"}]},{"@type":"WebSite","@id":"https:\/\/concussionandcte.org\/fr-ca\/#website","url":"https:\/\/concussionandcte.org\/fr-ca\/","name":"Concussion &amp; CTE Foundation","description":"","potentialAction":[{"@type":"SearchAction","target":{"@type":"EntryPoint","urlTemplate":"https:\/\/concussionandcte.org\/fr-ca\/?s={search_term_string}"},"query-input":{"@type":"PropertyValueSpecification","valueRequired":true,"valueName":"search_term_string"}}],"inLanguage":"fr-CA"}]}},"featured_image_src":null,"featured_image_src_square":null,"_links":{"self":[{"href":"https:\/\/concussionandcte.org\/fr-ca\/wp-json\/wp\/v2\/pages\/23127","targetHints":{"allow":["GET"]}}],"collection":[{"href":"https:\/\/concussionandcte.org\/fr-ca\/wp-json\/wp\/v2\/pages"}],"about":[{"href":"https:\/\/concussionandcte.org\/fr-ca\/wp-json\/wp\/v2\/types\/page"}],"author":[{"embeddable":true,"href":"https:\/\/concussionandcte.org\/fr-ca\/wp-json\/wp\/v2\/users\/3"}],"replies":[{"embeddable":true,"href":"https:\/\/concussionandcte.org\/fr-ca\/wp-json\/wp\/v2\/comments?post=23127"}],"version-history":[{"count":0,"href":"https:\/\/concussionandcte.org\/fr-ca\/wp-json\/wp\/v2\/pages\/23127\/revisions"}],"up":[{"embeddable":true,"href":"https:\/\/concussionandcte.org\/fr-ca\/wp-json\/wp\/v2\/pages\/23227"}],"wp:attachment":[{"href":"https:\/\/concussionandcte.org\/fr-ca\/wp-json\/wp\/v2\/media?parent=23127"}],"curies":[{"name":"wp","href":"https:\/\/api.w.org\/{rel}","templated":true}]}}