{"id":23117,"date":"2024-06-28T13:47:04","date_gmt":"2024-06-28T13:47:04","guid":{"rendered":"https:\/\/test11.f5test.in.ua\/research\/"},"modified":"2024-10-19T15:50:22","modified_gmt":"2024-10-19T15:50:22","slug":"recherche","status":"publish","type":"page","link":"https:\/\/concussionandcte.org\/fr-ca\/programmes\/recherche\/","title":{"rendered":"Recherche"},"content":{"rendered":"","protected":false},"excerpt":{"rendered":"","protected":false},"author":4,"featured_media":0,"parent":23227,"menu_order":0,"comment_status":"closed","ping_status":"closed","template":"tpl_flex-content.php","meta":{"inline_featured_image":false,"footnotes":""},"class_list":["post-23117","page","type-page","status-publish","hentry"],"acf":[],"yoast_head":"<!-- This site is optimized with the Yoast SEO plugin v27.4 - https:\/\/yoast.com\/product\/yoast-seo-wordpress\/ -->\n<title>Nos programmes de recherche | Fondation H\u00e9ritage pour les Commotions C\u00e9r\u00e9brales Canada<\/title>\n<meta name=\"description\" content=\"Nos programmes de recherche r\u00e9volutionnent la compr\u00e9hension mondiale des traumatismes cr\u00e2niens. Apprenez-en plus sur les recherches actuelles et d\u00e9couvrez comment vous pouvez y participer.\" \/>\n<meta name=\"robots\" content=\"index, follow, max-snippet:-1, max-image-preview:large, max-video-preview:-1\" \/>\n<link rel=\"canonical\" href=\"https:\/\/concussionandcte.org\/fr-ca\/programmes\/recherche\/\" \/>\n<meta property=\"og:locale\" content=\"fr_CA\" \/>\n<meta property=\"og:type\" content=\"article\" \/>\n<meta property=\"og:title\" content=\"Nos programmes de recherche | Fondation H\u00e9ritage pour les Commotions C\u00e9r\u00e9brales Canada\" \/>\n<meta property=\"og:description\" content=\"Nos programmes de recherche r\u00e9volutionnent la compr\u00e9hension mondiale des traumatismes cr\u00e2niens. Apprenez-en plus sur les recherches actuelles et d\u00e9couvrez comment vous pouvez y participer.\" \/>\n<meta property=\"og:url\" content=\"https:\/\/concussionandcte.org\/fr-ca\/programmes\/recherche\/\" \/>\n<meta property=\"og:site_name\" content=\"Concussion &amp; CTE Foundation\" \/>\n<meta property=\"article:modified_time\" content=\"2024-10-19T15:50:22+00:00\" \/>\n<meta name=\"twitter:card\" content=\"summary_large_image\" \/>\n<script type=\"application\/ld+json\" class=\"yoast-schema-graph\">{\"@context\":\"https:\\\/\\\/schema.org\",\"@graph\":[{\"@type\":\"WebPage\",\"@id\":\"https:\\\/\\\/concussionandcte.org\\\/fr-ca\\\/programmes\\\/recherche\\\/\",\"url\":\"https:\\\/\\\/concussionandcte.org\\\/fr-ca\\\/programmes\\\/recherche\\\/\",\"name\":\"Nos programmes de recherche | Fondation H\u00e9ritage pour les Commotions C\u00e9r\u00e9brales Canada\",\"isPartOf\":{\"@id\":\"https:\\\/\\\/concussionandcte.org\\\/fr-ca\\\/#website\"},\"datePublished\":\"2024-06-28T13:47:04+00:00\",\"dateModified\":\"2024-10-19T15:50:22+00:00\",\"description\":\"Nos programmes de recherche r\u00e9volutionnent la compr\u00e9hension mondiale des traumatismes cr\u00e2niens. Apprenez-en plus sur les recherches actuelles et d\u00e9couvrez comment vous pouvez y participer.\",\"breadcrumb\":{\"@id\":\"https:\\\/\\\/concussionandcte.org\\\/fr-ca\\\/programmes\\\/recherche\\\/#breadcrumb\"},\"inLanguage\":\"fr-CA\",\"potentialAction\":[{\"@type\":\"ReadAction\",\"target\":[\"https:\\\/\\\/concussionandcte.org\\\/fr-ca\\\/programmes\\\/recherche\\\/\"]}]},{\"@type\":\"BreadcrumbList\",\"@id\":\"https:\\\/\\\/concussionandcte.org\\\/fr-ca\\\/programmes\\\/recherche\\\/#breadcrumb\",\"itemListElement\":[{\"@type\":\"ListItem\",\"position\":1,\"name\":\"Home\",\"item\":\"https:\\\/\\\/concussionandcte.org\\\/fr-ca\\\/\"},{\"@type\":\"ListItem\",\"position\":2,\"name\":\"Programmes\",\"item\":\"https:\\\/\\\/concussionandcte.org\\\/fr-ca\\\/programmes\\\/\"},{\"@type\":\"ListItem\",\"position\":3,\"name\":\"Recherche\"}]},{\"@type\":\"WebSite\",\"@id\":\"https:\\\/\\\/concussionandcte.org\\\/fr-ca\\\/#website\",\"url\":\"https:\\\/\\\/concussionandcte.org\\\/fr-ca\\\/\",\"name\":\"Concussion &amp; CTE Foundation\",\"description\":\"\",\"potentialAction\":[{\"@type\":\"SearchAction\",\"target\":{\"@type\":\"EntryPoint\",\"urlTemplate\":\"https:\\\/\\\/concussionandcte.org\\\/fr-ca\\\/?s={search_term_string}\"},\"query-input\":{\"@type\":\"PropertyValueSpecification\",\"valueRequired\":true,\"valueName\":\"search_term_string\"}}],\"inLanguage\":\"fr-CA\"}]}<\/script>\n<!-- \/ Yoast SEO plugin. -->","yoast_head_json":{"title":"Nos programmes de recherche | Fondation H\u00e9ritage pour les Commotions C\u00e9r\u00e9brales Canada","description":"Nos programmes de recherche r\u00e9volutionnent la compr\u00e9hension mondiale des traumatismes cr\u00e2niens. Apprenez-en plus sur les recherches actuelles et d\u00e9couvrez comment vous pouvez y participer.","robots":{"index":"index","follow":"follow","max-snippet":"max-snippet:-1","max-image-preview":"max-image-preview:large","max-video-preview":"max-video-preview:-1"},"canonical":"https:\/\/concussionandcte.org\/fr-ca\/programmes\/recherche\/","og_locale":"fr_CA","og_type":"article","og_title":"Nos programmes de recherche | Fondation H\u00e9ritage pour les Commotions C\u00e9r\u00e9brales Canada","og_description":"Nos programmes de recherche r\u00e9volutionnent la compr\u00e9hension mondiale des traumatismes cr\u00e2niens. Apprenez-en plus sur les recherches actuelles et d\u00e9couvrez comment vous pouvez y participer.","og_url":"https:\/\/concussionandcte.org\/fr-ca\/programmes\/recherche\/","og_site_name":"Concussion &amp; CTE Foundation","article_modified_time":"2024-10-19T15:50:22+00:00","twitter_card":"summary_large_image","schema":{"@context":"https:\/\/schema.org","@graph":[{"@type":"WebPage","@id":"https:\/\/concussionandcte.org\/fr-ca\/programmes\/recherche\/","url":"https:\/\/concussionandcte.org\/fr-ca\/programmes\/recherche\/","name":"Nos programmes de recherche | Fondation H\u00e9ritage pour les Commotions C\u00e9r\u00e9brales Canada","isPartOf":{"@id":"https:\/\/concussionandcte.org\/fr-ca\/#website"},"datePublished":"2024-06-28T13:47:04+00:00","dateModified":"2024-10-19T15:50:22+00:00","description":"Nos programmes de recherche r\u00e9volutionnent la compr\u00e9hension mondiale des traumatismes cr\u00e2niens. Apprenez-en plus sur les recherches actuelles et d\u00e9couvrez comment vous pouvez y participer.","breadcrumb":{"@id":"https:\/\/concussionandcte.org\/fr-ca\/programmes\/recherche\/#breadcrumb"},"inLanguage":"fr-CA","potentialAction":[{"@type":"ReadAction","target":["https:\/\/concussionandcte.org\/fr-ca\/programmes\/recherche\/"]}]},{"@type":"BreadcrumbList","@id":"https:\/\/concussionandcte.org\/fr-ca\/programmes\/recherche\/#breadcrumb","itemListElement":[{"@type":"ListItem","position":1,"name":"Home","item":"https:\/\/concussionandcte.org\/fr-ca\/"},{"@type":"ListItem","position":2,"name":"Programmes","item":"https:\/\/concussionandcte.org\/fr-ca\/programmes\/"},{"@type":"ListItem","position":3,"name":"Recherche"}]},{"@type":"WebSite","@id":"https:\/\/concussionandcte.org\/fr-ca\/#website","url":"https:\/\/concussionandcte.org\/fr-ca\/","name":"Concussion &amp; CTE Foundation","description":"","potentialAction":[{"@type":"SearchAction","target":{"@type":"EntryPoint","urlTemplate":"https:\/\/concussionandcte.org\/fr-ca\/?s={search_term_string}"},"query-input":{"@type":"PropertyValueSpecification","valueRequired":true,"valueName":"search_term_string"}}],"inLanguage":"fr-CA"}]}},"featured_image_src":null,"featured_image_src_square":null,"_links":{"self":[{"href":"https:\/\/concussionandcte.org\/fr-ca\/wp-json\/wp\/v2\/pages\/23117","targetHints":{"allow":["GET"]}}],"collection":[{"href":"https:\/\/concussionandcte.org\/fr-ca\/wp-json\/wp\/v2\/pages"}],"about":[{"href":"https:\/\/concussionandcte.org\/fr-ca\/wp-json\/wp\/v2\/types\/page"}],"author":[{"embeddable":true,"href":"https:\/\/concussionandcte.org\/fr-ca\/wp-json\/wp\/v2\/users\/4"}],"replies":[{"embeddable":true,"href":"https:\/\/concussionandcte.org\/fr-ca\/wp-json\/wp\/v2\/comments?post=23117"}],"version-history":[{"count":0,"href":"https:\/\/concussionandcte.org\/fr-ca\/wp-json\/wp\/v2\/pages\/23117\/revisions"}],"up":[{"embeddable":true,"href":"https:\/\/concussionandcte.org\/fr-ca\/wp-json\/wp\/v2\/pages\/23227"}],"wp:attachment":[{"href":"https:\/\/concussionandcte.org\/fr-ca\/wp-json\/wp\/v2\/media?parent=23117"}],"curies":[{"name":"wp","href":"https:\/\/api.w.org\/{rel}","templated":true}]}}